{"id":571,"date":"2014-04-04T12:18:20","date_gmt":"2014-04-04T10:18:20","guid":{"rendered":"https:\/\/lauklines.no\/faq-2\/"},"modified":"2025-07-21T14:08:44","modified_gmt":"2025-07-21T12:08:44","slug":"faq","status":"publish","type":"page","link":"https:\/\/lauklines.no\/en\/aboutus\/faq\/","title":{"rendered":"FAQ"},"content":{"rendered":"<h2>Travelling<\/h2>\n<h3><em>Where is Lauklines?<\/em><\/h3>\n<p>Lauklines is located in Northern Norway at Kattfjord, southwest on Kval\u00f8ya, approximately 30 km from Troms\u00f8 Airport.\u00a0GPS co-ordinates: 69.620755,18.28512 (WGS \u2013 84N69\u00b037\u201914\u201dE018\u00b017\u201909\u201d)\u00a0Use the map on the front page to zoom in and get a closer view.<\/p>\n<h3><em>By air to Troms\u00f8 airport Langnes<\/em><\/h3>\n<p>Troms\u00f8 has a main airport, Troms\u00f8 Lufthavn (TOS), which connects to most of Europe via Oslo. There are also many direct flights to Europe. The airport is approximately 30 km from Lauklines, a half hour car drive away.<\/p>\n<p>More details about flights and the airport <a href=\"http:\/\/www.avinor.no\/en\/tromso\" target=\"_blank\" rel=\"noopener noreferrer\">at the Avinor airport website<\/a>.<\/p>\n<h3><em>Coach and bus<\/em><\/h3>\n<p>Every city and town in Norway has a local bus service and there is an extensive network of express coaches throughout the country.<\/p>\n<h3><em>Train<\/em><\/h3>\n<p>There is no railway line to Troms\u00f8. The nearest train station is Narvik via Sweden, or Bod\u00f8. These towns connect with buses or ferry to Troms\u00f8<\/p>\n<h3><em>Hurtigruten<\/em><\/h3>\n<p>This is a daily\u00a0passenger\u00a0and\u00a0freight\u00a0shipping service along\u00a0Norway&#8217;s coast. Sometimes referred to as\u00a0Norwegian Coastal Express. <a href=\"https:\/\/www.hurtigruten.com\/en-us\" target=\"_blank\" rel=\"noopener\">Hurtigruten<\/a> ships sail almost the entire length of the country stopping at all the ports along the way.<\/p>\n<h3><em>How do I get to Lauklines from Troms\u00f8 airport or city center?<\/em><\/h3>\n<p>Although Lauklines is only a 30 minute drive from the airport, we are in a remote spot, so there are no direct bus links to us. You can reach Lauklines by car, taxi or eventually your own boat. We can also organize private transfer for you, <a href=\"https:\/\/lauklines.no\/en\/forside\/transfer\/\" target=\"_blank\" rel=\"noopener\">see prices here.<\/a><\/p>\n<h3><em>Should I hire a car during my stay?<\/em><\/h3>\n<p>This depends on what you plan to be doing during your visit. During the summer you can fish, hike, cycle directly from Lauklines but if you wish to explore the area and book other activities, it would be better value and flexibility to hire a car instead of using a taxi. Driving in the winter can be challenging if you haven&#8217;t done it before. Then it is important to remember that all cars have specially adapted winter tires and the roads are kept clear by snow ploughs which work continually in bad weather. Have you never been driving in vinter conditions before, we recommend you to book private transfer.<\/p>\n<h3><em>Car hire<\/em><\/h3>\n<p>There are a number of car hire companies with offices at Troms\u00f8 Airport or in the city centre. With a rental car you are free to explore the area any time you want. Lauklines is located 30km from the airport and we have a special agreement with Hertz that offers you a 15% discount by booking. You easily pick up the car at the airport and return it there by departure or eventually at another destination.<\/p>\n<p><a href=\"http:\/\/www.hertz.com\/rentacar\/handlers\/SpecialOffersHandler?CDP=753706&amp;RQ=BLANK&amp;PC=BLANK&amp;PULoc=TOST50&amp;DOLoc=&amp;VehType=&amp;PUTime=DOTime=&amp;ExtCS\" target=\"_blank\" rel=\"noopener noreferrer\">Special offer\u00a0Hertz<\/a>\u00a0 \/\u00a0\u00a0<a href=\"http:\/\/www.europcar.com\/car-rental-TROMSO_AIRPORT.html\" target=\"_blank\" rel=\"noopener noreferrer\">Europcar<\/a>\u00a0 \/\u00a0 <a href=\"http:\/\/no.sixt.com\/php\/reservation?language=en_GB\" target=\"_blank\" rel=\"noopener noreferrer\">Sixt<\/a>\u00a0 \/\u00a0 <a href=\"http:\/\/www.avis.com\/car-rental\/avisHome\/home.ac\" target=\"_blank\" rel=\"noopener noreferrer\">Avis<\/a><\/p>\n<h3><em>What documents do I need for driving a car?<\/em><\/h3>\n<p>You need a\u00a0full,\u00a0valid driving licence\u00a0issued in your country of residence. If your license is not issued by an EC\/ECA country, an International Driver&#8217;s Permit (IDP) may be required.<\/p>\n<h3><em>If I order a private transfer from the Airport how will I meet the driver?<\/em><\/h3>\n<p>Tromso Airport is small. The driver will be waiting for you outside the main entrance. He brings a sign with \u201cTransfer Lauklines\u201d. If you do not find him after you have picked up all luggage, just give us a call. Driver keeps himself updated on eventual delays on your flight to Troms\u00f8, if you have informed us about your flight number in forehand.<\/p>\n<h3><em>I need a Visa, can you help?<\/em><\/h3>\n<p>We issue an invitation to use for apply for Visa! Just send us your full name, passport number and birth date and we\u2019ll send you the invitation by e-mail!<\/p>\n<hr \/>\n<h2>Arrival<\/h2>\n<h3><em>How do we check in?<\/em><\/h3>\n<p>Check-in possible after 15.00 and on, when we are finished with cabin cleaning.\u00a0Give us a call when you have arrived by the reception and we\u2019ll come and meet you.<\/p>\n<h3><em>Late check in<\/em><\/h3>\n<p>Please let us know in advance if you are arriving after 22.00, and we will organize regarding key for the cabin!<\/p>\n<h3><em>Do you have baby cots?<\/em><\/h3>\n<p>Yes, you can get a baby cot and a baby chair for free, please advise when booking.<\/p>\n<hr \/>\n<h2>Shopping and food<\/h2>\n<h3><em>Where do we do the grocery shopping?<\/em><\/h3>\n<p>If you have <strong>booked our private transfer with 1 hrs stop at the supermarket<\/strong>, our driver will take you to a supermarket and wait whilst you do your shopping. If you want more time just agree with the driver.<\/p>\n<p>If you have your own\u00a0car, there are 4 supermarkets after crossing the bridge from the airport, towards Lauklines.<\/p>\n<h3><em>Are there any shops near by?<\/em><\/h3>\n<p>The nearest supermarket is<a href=\"http:\/\/www.eidehandel.no\" target=\"_blank\" rel=\"noopener noreferrer\"> Eidehandel,<\/a> 20 minute drive away.<\/p>\n<h3><em>Do you provide breakfast\/meals?<\/em><\/h3>\n<p>Our cabins are self-catering and there is no restaurant on site. Guests need to bring their own food for their stay. However there are different <a href=\"https:\/\/lauklines.no\/en\/dining\/\" target=\"_blank\" rel=\"noopener noreferrer\">catering companies<\/a> in the area, who provide ready made meals which includes breakfast. These can either be collected on route to us or they will deliver the food directly to the cabins for an additional delivery fee.<\/p>\n<h3><em>Is it possible to drink the tap water?<\/em><\/h3>\n<p>The tap water at Lauklines is very pure and clean, and is often better than bottled water. Very safe to drink, in other words. Fluoride is not added to Norwegian tap water and only very small amounts occur naturally. It is possible to buy fluoride tablets at most pharmacies.<\/p>\n<h3><em>Is it possible to order groceries to the cabins?<\/em><\/h3>\n<p>The nearest supermarket is Eidehandel a 20 minute drive away. Supermarkets do not deliver food but there are different <a href=\"https:\/\/lauklines.no\/en\/dining\/\" target=\"_blank\" rel=\"noopener noreferrer\">catering companies<\/a> in the area, who provide ready made meals which includes breakfast. These can either be collected on the route to us or they will deliver direct to the cabins for an additional delivery fee.<\/p>\n<h3><em>Do you have a shop at Lauklines?<\/em><\/h3>\n<p>We have a small rustic style gift shop in the reception area, which sells postcards, stamps, gifts and local artisan products, souvenirs, mineral water and different snacks.<\/p>\n<hr \/>\n<h2>Weather and clothing<\/h2>\n<h3><em>What type of climate should I expect?<\/em><\/h3>\n<p>The weather in Tromso is influenced by the Gulf stream creating mild, snowy winters along the coastline. January and February are the coldest months, with an average temperature of -1.9\u00b0 Celsius, while in the inland it\u00a0can be significantly colder, down to -20\u00b0 to -30\u00b0 Celsius. Summer temperatures vary from plus 10\u00b0 to over 20\u00b0 Celsius.<\/p>\n<p>We offer warm clothing for rent.<\/p>\n<h3><em>What kind of clothes do I need?<\/em><\/h3>\n<p>Our climate here is much milder than inland due to the warming effects of the Gulf stream. This means that the clothes that you would wear for a cold winters day in the EU would be fine for here. Only for special activities is extra warm clothing recommended and is provided in most cases by the tour operator or can be rented from us. We recommend the following:<\/p>\n<h3>Winter clothing<\/h3>\n<p>Dress in layers. Thermal or woollen underwear, fleece or wool mid layer and a wind and water-proof outer layer. Protect your hands with gloves or mittens, (waterproof if you are going to make snowballs \ud83d\ude09 a hat which covers your ears, scarf for the neck and winter boots and woolen socks . It is recommended to buy\u00a0extending ice grippers for your shoes, so you have more traction and grip when walking on the here often icy pavements.<\/p>\n<h3>Summer clothing<\/h3>\n<p>We suggest a mix of warm and light clothing with lightweight waterproof trousers and jacket. Good trainers\/hiking boots.<\/p>\n<h3><em>I do not have the right clothes, what to do?<\/em><\/h3>\n<p>Depending on what type of activities you wish to do, this need not be a big problem. Extra clothes and boots can be hired in forehand at <a href=\"http:\/\/www.tromsooutdoor.no\" target=\"_blank\" rel=\"noopener\">Troms\u00f8 Outdoor<\/a> \u00a0and can be delivered for your stay here at Lauklines. Also many activity providers will have the appropriate clothing to loan you during the activity. If you need a standard clothing package you can rent it in the reception here at Lauklines.<\/p>\n<hr \/>\n<h2>Activities<\/h2>\n<h3><em>What to do at Lauklines<\/em><\/h3>\n<p><a title=\"Activities at Lauklines\" href=\"https:\/\/lauklines.no\/en\/our-activities\/\" target=\"_blank\" rel=\"noopener noreferrer\">See our activity pages for suggestions of different things to do \u2192<\/a><\/p>\n<hr \/>\n<h2>The Northern lights<\/h2>\n<h3><em>What is Northern Light?<\/em><\/h3>\n<p>The\u00a0Northern Lights is also known as \u201cAurora Borealis\u201d\u00a0and is named after the Roman goddess of the dawn, Aurora, and Boreas, the\u00a0Greek name for north wind.<\/p>\n<p>Here you can <a href=\"http:\/\/www.youtube.com\/watch?v=lT3J6a9p_o8\" target=\"_blank\" rel=\"noopener noreferrer\">see a film<\/a> which describes it.<\/p>\n<h3><em>I want to see the Northern Lights. When is the best time to come?<\/em><\/h3>\n<p>Northern light is all year round but it is not visible during the daylight and during summer months here with midnight sun. The northern lights start appearing from September and can be seen through to early April. Recommend to choose period depending on other activities you are interested in.<\/p>\n<p><strong>Useful links:<\/strong><\/p>\n<ul>\n<li><span lang=\"EN-GB\">Troms\u00f8 All-sky camera @ Nordlysobservatoriet:\u00a0<\/span><a href=\"http:\/\/fox.phys.uit.no\/ASC\/\" target=\"_blank\" rel=\"noopener noreferrer\">http:\/\/fox.phys.uit.no\/ASC\/<\/a><\/li>\n<li>Near Real Time Auroral Oval from magnetic data:\u00a0<a href=\"http:\/\/fox.phys.uit.no\/AFFECTS\/\" target=\"_blank\" rel=\"noopener noreferrer\">http:\/\/fox.phys.uit.no\/AFFECTS\/<\/a><a href=\"http:\/\/www.spaceweather.com\" target=\"_blank\" rel=\"noopener noreferrer\">www.spaceweather.com<\/a><\/li>\n<li><a href=\"http:\/\/www.aurora-service.eu\/aurora-forecast\/\" target=\"_blank\" rel=\"noopener noreferrer\">www.aurora-service.eu\/aurora-forecast\/<\/a><\/li>\n<\/ul>\n<h3><em>How long should I stay to see the northern lights?<\/em><\/h3>\n<p>We recommend a minimum 3 to 4 nights stay.<\/p>\n<h3><em>When is it midnight sun and when is it polar night?<\/em><\/h3>\n<p>We have sun around the clock from about May 20th to July 20th and polar night from November 20th to January 20th.<\/p>\n<hr \/>\n<h2>Fishing<\/h2>\n<h3><em>Want to go fishing, what do you recommend?<\/em><\/h3>\n<p>Several possibilities for freshwater fishing, guided fishing or shore fishing in the area around Lauklines.<\/p>\n<h3><em>Freshwater fishing<\/em><\/h3>\n<p>For freshwater fishing in the lakes in the area, you need a fishing permit. You can buy the fishing permit <a href=\"https:\/\/www.inatur.no\/fiske\/50f33893e4b0adea30743bcf\/flotte-fiskevann-pa-kvaloya-tromso\" target=\"_blank\" rel=\"noopener noreferrer\">online<\/a>, either on day or week basis.\u00a0Fishing rod and tackle needed is for rent\/sale in the reception if you do not have your own.<\/p>\n<h3><em>Guided trips<\/em><\/h3>\n<p>Most of the groups coming here for fishing, want to go sea fishing and then we offer guided trips with charter boat (boat with captain). All equipment for the different fish species, rods, fishing suits and the guide\/captain are included. Captain\/guide has several years knowledge and experience with the area and will do all for giving you an unforgettable experience and nice days at sea.<\/p>\n<h3><em>Shore fishing<\/em><\/h3>\n<p>Shore fishing is possible both from the jetty here or find a stone along the shore to stand on.<\/p>\n<h3><em>Ice fishing<\/em><\/h3>\n<p>During the winter period we offer guided ice fishing trips in cooperation with Explore the Arctic.<\/p>\n<p>Tight lines! &lt;*))))))))&gt;&lt;<\/p>\n<p>&nbsp;<\/p>\n","protected":false},"excerpt":{"rendered":"<p>Travelling Where is Lauklines? Lauklines is located in Northern Norway at Kattfjord, southwest on Kval\u00f8ya, approximately 30 km from Troms\u00f8 Airport.\u00a0GPS co-ordinates: 69.620755,18.28512 (WGS \u2013 84N69\u00b037\u201914\u201dE018\u00b017\u201909\u201d)\u00a0Use the map on the front page to zoom in and get a closer view. By air to Troms\u00f8 airport Langnes Troms\u00f8 has a main airport, Troms\u00f8 Lufthavn (TOS), which [&hellip;]<\/p>\n","protected":false},"author":1,"featured_media":0,"parent":299,"menu_order":0,"comment_status":"closed","ping_status":"closed","template":"","meta":{"_acf_changed":false,"footnotes":""},"class_list":["post-571","page","type-page","status-publish","hentry"],"acf":[],"yoast_head":"<!-- This site is optimized with the Yoast SEO plugin v27.2 - https:\/\/yoast.com\/product\/yoast-seo-wordpress\/ -->\n<title>FAQ - Travel Information for Your Visit - Lauklines Kystferie<\/title>\n<meta name=\"description\" content=\"Find essential travel information about Lauklines, located in Northern Norway. Learn about transport options, flights, buses, and trains.\" \/>\n<meta name=\"robots\" content=\"index, follow, max-snippet:-1, max-image-preview:large, max-video-preview:-1\" \/>\n<link rel=\"canonical\" href=\"https:\/\/lauklines.no\/en\/aboutus\/faq\/\" \/>\n<meta property=\"og:locale\" content=\"en_US\" \/>\n<meta property=\"og:type\" content=\"article\" \/>\n<meta property=\"og:title\" content=\"FAQ - Travel Information for Your Visit - Lauklines Kystferie\" \/>\n<meta property=\"og:description\" content=\"Find essential travel information about Lauklines, located in Northern Norway. Learn about transport options, flights, buses, and trains.\" \/>\n<meta property=\"og:url\" content=\"https:\/\/lauklines.no\/en\/aboutus\/faq\/\" \/>\n<meta property=\"og:site_name\" content=\"Lauklines Kystferie\" \/>\n<meta property=\"article:publisher\" content=\"https:\/\/facebook.com\/lauklineskystferie\" \/>\n<meta property=\"article:modified_time\" content=\"2025-07-21T12:08:44+00:00\" \/>\n<meta name=\"twitter:card\" content=\"summary_large_image\" \/>\n<meta name=\"twitter:label1\" content=\"Est. reading time\" \/>\n\t<meta name=\"twitter:data1\" content=\"10 minutes\" \/>\n<script type=\"application\/ld+json\" class=\"yoast-schema-graph\">{\"@context\":\"https:\/\/schema.org\",\"@graph\":[{\"@type\":\"WebPage\",\"@id\":\"https:\/\/lauklines.no\/en\/aboutus\/faq\/\",\"url\":\"https:\/\/lauklines.no\/en\/aboutus\/faq\/\",\"name\":\"FAQ - Travel Information for Your Visit - Lauklines Kystferie\",\"isPartOf\":{\"@id\":\"https:\/\/lauklines.no\/#website\"},\"datePublished\":\"2014-04-04T10:18:20+00:00\",\"dateModified\":\"2025-07-21T12:08:44+00:00\",\"description\":\"Find essential travel information about Lauklines, located in Northern Norway. Learn about transport options, flights, buses, and trains.\",\"breadcrumb\":{\"@id\":\"https:\/\/lauklines.no\/en\/aboutus\/faq\/#breadcrumb\"},\"inLanguage\":\"en-US\",\"potentialAction\":[{\"@type\":\"ReadAction\",\"target\":[\"https:\/\/lauklines.no\/en\/aboutus\/faq\/\"]}]},{\"@type\":\"BreadcrumbList\",\"@id\":\"https:\/\/lauklines.no\/en\/aboutus\/faq\/#breadcrumb\",\"itemListElement\":[{\"@type\":\"ListItem\",\"position\":1,\"name\":\"Home\",\"item\":\"https:\/\/lauklines.no\/en\/\"},{\"@type\":\"ListItem\",\"position\":2,\"name\":\"About us\",\"item\":\"https:\/\/lauklines.no\/en\/aboutus\/\"},{\"@type\":\"ListItem\",\"position\":3,\"name\":\"FAQ\"}]},{\"@type\":\"WebSite\",\"@id\":\"https:\/\/lauklines.no\/#website\",\"url\":\"https:\/\/lauklines.no\/\",\"name\":\"Lauklines Kystferie\",\"description\":\"Overnatting i rorbu\",\"publisher\":{\"@id\":\"https:\/\/lauklines.no\/#organization\"},\"potentialAction\":[{\"@type\":\"SearchAction\",\"target\":{\"@type\":\"EntryPoint\",\"urlTemplate\":\"https:\/\/lauklines.no\/?s={search_term_string}\"},\"query-input\":{\"@type\":\"PropertyValueSpecification\",\"valueRequired\":true,\"valueName\":\"search_term_string\"}}],\"inLanguage\":\"en-US\"},{\"@type\":\"Organization\",\"@id\":\"https:\/\/lauklines.no\/#organization\",\"name\":\"Lauklines Kystferie\",\"url\":\"https:\/\/lauklines.no\/\",\"logo\":{\"@type\":\"ImageObject\",\"inLanguage\":\"en-US\",\"@id\":\"https:\/\/lauklines.no\/#\/schema\/logo\/image\/\",\"url\":\"https:\/\/lauklines.no\/wp-content\/uploads\/2018\/12\/lauklines_ny_logo-1.png\",\"contentUrl\":\"https:\/\/lauklines.no\/wp-content\/uploads\/2018\/12\/lauklines_ny_logo-1.png\",\"width\":1181,\"height\":827,\"caption\":\"Lauklines Kystferie\"},\"image\":{\"@id\":\"https:\/\/lauklines.no\/#\/schema\/logo\/image\/\"},\"sameAs\":[\"https:\/\/facebook.com\/lauklineskystferie\",\"https:\/\/instagram.com\/lauklines\"]}]}<\/script>\n<!-- \/ Yoast SEO plugin. -->","yoast_head_json":{"title":"FAQ - Travel Information for Your Visit - Lauklines Kystferie","description":"Find essential travel information about Lauklines, located in Northern Norway. Learn about transport options, flights, buses, and trains.","robots":{"index":"index","follow":"follow","max-snippet":"max-snippet:-1","max-image-preview":"max-image-preview:large","max-video-preview":"max-video-preview:-1"},"canonical":"https:\/\/lauklines.no\/en\/aboutus\/faq\/","og_locale":"en_US","og_type":"article","og_title":"FAQ - Travel Information for Your Visit - Lauklines Kystferie","og_description":"Find essential travel information about Lauklines, located in Northern Norway. Learn about transport options, flights, buses, and trains.","og_url":"https:\/\/lauklines.no\/en\/aboutus\/faq\/","og_site_name":"Lauklines Kystferie","article_publisher":"https:\/\/facebook.com\/lauklineskystferie","article_modified_time":"2025-07-21T12:08:44+00:00","twitter_card":"summary_large_image","twitter_misc":{"Est. reading time":"10 minutes"},"schema":{"@context":"https:\/\/schema.org","@graph":[{"@type":"WebPage","@id":"https:\/\/lauklines.no\/en\/aboutus\/faq\/","url":"https:\/\/lauklines.no\/en\/aboutus\/faq\/","name":"FAQ - Travel Information for Your Visit - Lauklines Kystferie","isPartOf":{"@id":"https:\/\/lauklines.no\/#website"},"datePublished":"2014-04-04T10:18:20+00:00","dateModified":"2025-07-21T12:08:44+00:00","description":"Find essential travel information about Lauklines, located in Northern Norway. Learn about transport options, flights, buses, and trains.","breadcrumb":{"@id":"https:\/\/lauklines.no\/en\/aboutus\/faq\/#breadcrumb"},"inLanguage":"en-US","potentialAction":[{"@type":"ReadAction","target":["https:\/\/lauklines.no\/en\/aboutus\/faq\/"]}]},{"@type":"BreadcrumbList","@id":"https:\/\/lauklines.no\/en\/aboutus\/faq\/#breadcrumb","itemListElement":[{"@type":"ListItem","position":1,"name":"Home","item":"https:\/\/lauklines.no\/en\/"},{"@type":"ListItem","position":2,"name":"About us","item":"https:\/\/lauklines.no\/en\/aboutus\/"},{"@type":"ListItem","position":3,"name":"FAQ"}]},{"@type":"WebSite","@id":"https:\/\/lauklines.no\/#website","url":"https:\/\/lauklines.no\/","name":"Lauklines Kystferie","description":"Overnatting i rorbu","publisher":{"@id":"https:\/\/lauklines.no\/#organization"},"potentialAction":[{"@type":"SearchAction","target":{"@type":"EntryPoint","urlTemplate":"https:\/\/lauklines.no\/?s={search_term_string}"},"query-input":{"@type":"PropertyValueSpecification","valueRequired":true,"valueName":"search_term_string"}}],"inLanguage":"en-US"},{"@type":"Organization","@id":"https:\/\/lauklines.no\/#organization","name":"Lauklines Kystferie","url":"https:\/\/lauklines.no\/","logo":{"@type":"ImageObject","inLanguage":"en-US","@id":"https:\/\/lauklines.no\/#\/schema\/logo\/image\/","url":"https:\/\/lauklines.no\/wp-content\/uploads\/2018\/12\/lauklines_ny_logo-1.png","contentUrl":"https:\/\/lauklines.no\/wp-content\/uploads\/2018\/12\/lauklines_ny_logo-1.png","width":1181,"height":827,"caption":"Lauklines Kystferie"},"image":{"@id":"https:\/\/lauklines.no\/#\/schema\/logo\/image\/"},"sameAs":["https:\/\/facebook.com\/lauklineskystferie","https:\/\/instagram.com\/lauklines"]}]}},"_links":{"self":[{"href":"https:\/\/lauklines.no\/en\/wp-json\/wp\/v2\/pages\/571","targetHints":{"allow":["GET"]}}],"collection":[{"href":"https:\/\/lauklines.no\/en\/wp-json\/wp\/v2\/pages"}],"about":[{"href":"https:\/\/lauklines.no\/en\/wp-json\/wp\/v2\/types\/page"}],"author":[{"embeddable":true,"href":"https:\/\/lauklines.no\/en\/wp-json\/wp\/v2\/users\/1"}],"replies":[{"embeddable":true,"href":"https:\/\/lauklines.no\/en\/wp-json\/wp\/v2\/comments?post=571"}],"version-history":[{"count":4,"href":"https:\/\/lauklines.no\/en\/wp-json\/wp\/v2\/pages\/571\/revisions"}],"predecessor-version":[{"id":35677,"href":"https:\/\/lauklines.no\/en\/wp-json\/wp\/v2\/pages\/571\/revisions\/35677"}],"up":[{"embeddable":true,"href":"https:\/\/lauklines.no\/en\/wp-json\/wp\/v2\/pages\/299"}],"wp:attachment":[{"href":"https:\/\/lauklines.no\/en\/wp-json\/wp\/v2\/media?parent=571"}],"curies":[{"name":"wp","href":"https:\/\/api.w.org\/{rel}","templated":true}]}}